{"id":963,"date":"2025-01-01T20:46:56","date_gmt":"2025-01-01T20:46:56","guid":{"rendered":"https:\/\/www.ihress.com\/?page_id=963"},"modified":"2026-02-03T09:26:40","modified_gmt":"2026-02-03T09:26:40","slug":"aviso-legal","status":"publish","type":"page","link":"https:\/\/www.ihress.com\/en\/aviso-legal\/","title":{"rendered":"Legal Notice"},"content":{"rendered":"<div data-elementor-type=\"wp-page\" data-elementor-id=\"963\" class=\"elementor elementor-963\" data-elementor-post-type=\"page\">\n\t\t\t\t\t\t<section class=\"elementor-section elementor-top-section elementor-element elementor-element-5c3f911 elementor-section-boxed elementor-section-height-default elementor-section-height-default\" data-id=\"5c3f911\" data-element_type=\"section\" data-e-type=\"section\">\n\t\t\t\t\t\t<div class=\"elementor-container elementor-column-gap-default\">\n\t\t\t\t\t<div class=\"elementor-column elementor-col-100 elementor-top-column elementor-element elementor-element-7dd05e8\" data-id=\"7dd05e8\" data-element_type=\"column\" data-e-type=\"column\">\n\t\t\t<div class=\"elementor-widget-wrap elementor-element-populated\">\n\t\t\t\t\t\t<div class=\"elementor-element elementor-element-09ea7ec elementor-widget elementor-widget-text-editor\" data-id=\"09ea7ec\" data-element_type=\"widget\" data-e-type=\"widget\" data-widget_type=\"text-editor.default\">\n\t\t\t\t<div class=\"elementor-widget-container\">\n\t\t\t\t\t\t\t\t\t<div class=\"elementor-element elementor-element-9769ca4 elementor-widget elementor-widget-heading\" data-id=\"9769ca4\" data-element_type=\"widget\" data-widget_type=\"heading.default\"><div class=\"elementor-widget-container\"><h1><strong>LEGAL NOTICE\u00a0<\/strong><\/h1><p><b>Website Ownership<\/b><\/p><p><span style=\"font-weight: 400;\">Be Global Supplies S.L. <\/span><span style=\"font-weight: 400;\">(hereinafter, interchangeably, iHRESS) <\/span><span style=\"font-weight: 400;\">P. I. La Serra, Cam\u00ed de la Caseta 3 A\n08185 Lli\u00e7\u00e0 de Vall (Barcelona), Spain<\/span><\/p><p><span style=\"font-weight: 400;\">NIF\u00a0 <\/span><span style=\"font-weight: 400;\">B72769698<\/span><\/p><p><span style=\"font-weight: 400;\">Registered in the Commercial Registry of Barcelona.<\/span><\/p><p><span style=\"font-weight: 400;\">This website provides information about the activity of IHRESS, dedicated to the sale and distribution of packaging machinery.<\/span><\/p><p><span style=\"font-weight: 400;\">Access to this website is free of charge, and its use implies acceptance of the terms contained in this Legal Notice.<\/span><\/p><\/div><\/div><p><b>User Obligations<\/b><\/p><p><span style=\"font-weight: 400;\">By accessing the website www.ihress.com, the user agrees to:<\/span><\/p><ol><li style=\"font-weight: 400;\" aria-level=\"1\"><span style=\"font-weight: 400;\">Use the information and content in accordance with this Legal Notice, applicable law, generally accepted good practices, and public order<\/span><\/li><li style=\"font-weight: 400;\" aria-level=\"1\"><span style=\"font-weight: 400;\">Respect, at all times, the following:<\/span><\/li><li style=\"font-weight: 400;\" aria-level=\"1\"><span style=\"font-weight: 400;\">Act loyally and in good faith in all relations with IHRESS<\/span><\/li><li style=\"font-weight: 400;\" aria-level=\"1\"><span style=\"font-weight: 400;\">Provide truthful and accurate data during any contractual relationship with IHRESS<\/span><\/li><li style=\"font-weight: 400;\" aria-level=\"1\"><span style=\"font-weight: 400;\">Use the website correctly and in accordance with applicable law, morality, and public order, respecting this Legal Notice and, where applicable, the Terms of Use and Contracting Conditions, and not allow unauthorized third parties to use the tools and services provided<\/span><\/li><li style=\"font-weight: 400;\" aria-level=\"1\"><span style=\"font-weight: 400;\">Cooperate with IHRESS and report any information, especially technical information accessed during operations, that may affect or harm the integrity of the website ihress.com, the services provided by IHRESS, its partners, collaborators, suppliers, other users, or third parties, as well as the provisions of this Legal Notice or, where applicable, the Terms of Use and Contracting Conditions<\/span><\/li><\/ol><p><b>Liability<\/b><\/p><p class=\"translation-block\">IHRESS shall not be held liable for any damages or losses arising from malfunctioning of telecommunications networks that facilitate access to www.ihress.com, nor for possible interruptions, viruses, internet connections, or operating systems.\n<br><br>\ninterruptions, viruses, internet connections, or operating systems.\nLikewise, IHRESS shall not be held liable for any damages resulting from unlawful or illegitimate actions by third parties outside IHRESS in the transmission of data through telecommunications networks.<\/p><p><span style=\"font-weight: 400;\">\u00a0<\/span><\/p><p><b>Website Content and Third-Party Links<\/b><\/p><p><span style=\"font-weight: 400;\">The information contained on the website may not always be up to date. In such cases, IHRESS shall not be liable for any damages arising from external use and\/or use by third parties of the information provided.<\/span><\/p><p><span style=\"font-weight: 400;\">IHRESS reserves the right to temporarily suspend access to the website without prior notice in order to carry out maintenance and updates.<\/span><\/p><p><a href=\"https:\/\/www.ihress.com\/en\/\"><span style=\"font-weight: 400;\">www.ihress.com<\/span><\/a><span style=\"font-weight: 400;\"> may contain links to third-party websites whose content is not attributable to or enforceable against IHRESS. The owner of each accessed website is solely responsible for its content.<\/span><\/p><p><span style=\"font-weight: 400;\">Any hyperlink to <\/span><a href=\"https:\/\/www.ihress.com\/en\/\"><span style=\"font-weight: 400;\">www.ihress.com<\/span><\/a><span style=\"font-weight: 400;\"> must always be made to the homepage. Total or partial reproduction of the services contained on <\/span><a href=\"https:\/\/www.ihress.com\/en\/\"><span style=\"font-weight: 400;\">www.ihress.com<\/span><\/a><span style=\"font-weight: 400;\">is prohibited without prior authorization.<\/span><\/p><p><span style=\"font-weight: 400;\">\u00a0<\/span><\/p><p><b>Industrial and Intellectual Property<\/b><\/p><p><span style=\"font-weight: 400;\">The content (including, but not limited to, texts, logos, images, drawings, web design, trademarks, source code, and software) of the website <\/span><a href=\"http:\/\/wwwihress.com\/\" target=\"_blank\" rel=\"noopener\"><span style=\"font-weight: 400;\">www.ihress.com<\/span><\/a><span style=\"font-weight: 400;\"> is protected by current industrial and intellectual property laws and any other applicable regulations.<\/span><\/p><p class=\"translation-block\">The legitimate use of such content belongs exclusively to IHRESS or its licensors. Total or partial reproduction and\/or distribution of any content by users and\/or third parties is strictly prohibited without express authorization from IHRESS.<\/p><p class=\"translation-block\">Access to www.ihress.com does not imply any permission, waiver, transfer, license, or assignment of these rights by their holders, nor any right to use, alter, exploit, reproduce, distribute, or publicly communicate such content, unless expressly authorized by IHRESS.<br><br>\nNotwithstanding the above, if a user or third party believes that any content on www.ihress.com infringes third-party rights, they are requested to notify us as soon as possible.<\/p><p><span style=\"font-weight: 400;\">\u00a0<\/span><\/p><p><b>Comments and Suggestions<\/b><\/p><p><span style=\"font-weight: 400;\">Your comments and suggestions are welcome. Please send them through our contact form.<\/span><\/p><p><span style=\"font-weight: 400;\">\u00a0<\/span><\/p><p><b>Modification of the Legal Notice<\/b><\/p><p><span style=\"font-weight: 400;\">The content of this Legal Notice is of indefinite duration and may be modified at any time in accordance with current legislation and changes arising from IHRESS activity.<\/span><\/p><p><span style=\"font-weight: 400;\">\u00a0<\/span><\/p><p><b>Applicable Law and Jurisdiction<\/b><\/p><p><span style=\"font-weight: 400;\">This Legal Notice, as well as any privacy policy, cookies policy, or applicable sector regulations, shall be governed by Spanish law in force at any given time.<br><br>\nIn the event of a dispute or controversy, the parties shall submit to the jurisdiction of the competent Courts and Tribunals. If the parties deem it appropriate to resort to alternative dispute resolution methods, such as arbitration or mediation, they must propose and expressly agree to this in writing at the time the dispute arises, in accordance with applicable regulations.<\/span><\/p>\t\t\t\t\t\t\t\t<\/div>\n\t\t\t\t<\/div>\n\t\t\t\t\t<\/div>\n\t\t<\/div>\n\t\t\t\t\t<\/div>\n\t\t<\/section>\n\t\t\t\t<\/div>","protected":false},"excerpt":{"rendered":"<p>AVISO LEGAL\u00a0 Titularidad del Sitio Web. Be Global Supplies S.L. (en adelante, indistintamente, iHRESS) P. I. La Serra. Cam\u00ed de la caseta 3 A 08185 Lli\u00e7\u00e0 de Vall (Barcelona) Espa\u00f1a NIF\u00a0 B72769698 Registro Mercantil de Barcelona. La p\u00e1gina web informa de la actividad de Ihress, destinada a la venta y distribuci\u00f3n de m\u00e1quinas de embalaje. [&hellip;]<\/p>\n","protected":false},"author":1,"featured_media":0,"parent":0,"menu_order":0,"comment_status":"closed","ping_status":"closed","template":"","meta":{"_joinchat":[],"footnotes":""},"class_list":["post-963","page","type-page","status-publish","hentry"],"_links":{"self":[{"href":"https:\/\/www.ihress.com\/en\/wp-json\/wp\/v2\/pages\/963","targetHints":{"allow":["GET"]}}],"collection":[{"href":"https:\/\/www.ihress.com\/en\/wp-json\/wp\/v2\/pages"}],"about":[{"href":"https:\/\/www.ihress.com\/en\/wp-json\/wp\/v2\/types\/page"}],"author":[{"embeddable":true,"href":"https:\/\/www.ihress.com\/en\/wp-json\/wp\/v2\/users\/1"}],"replies":[{"embeddable":true,"href":"https:\/\/www.ihress.com\/en\/wp-json\/wp\/v2\/comments?post=963"}],"version-history":[{"count":6,"href":"https:\/\/www.ihress.com\/en\/wp-json\/wp\/v2\/pages\/963\/revisions"}],"predecessor-version":[{"id":8162,"href":"https:\/\/www.ihress.com\/en\/wp-json\/wp\/v2\/pages\/963\/revisions\/8162"}],"wp:attachment":[{"href":"https:\/\/www.ihress.com\/en\/wp-json\/wp\/v2\/media?parent=963"}],"curies":[{"name":"wp","href":"https:\/\/api.w.org\/{rel}","templated":true}]}}