{"id":968,"date":"2025-01-01T20:47:48","date_gmt":"2025-01-01T20:47:48","guid":{"rendered":"https:\/\/www.ihress.com\/?page_id=968"},"modified":"2025-05-19T06:22:56","modified_gmt":"2025-05-19T06:22:56","slug":"politica-de-cookies","status":"publish","type":"page","link":"https:\/\/www.ihress.com\/en\/politica-de-cookies\/","title":{"rendered":"Cookie Policy"},"content":{"rendered":"\t\t<div data-elementor-type=\"wp-page\" data-elementor-id=\"968\" class=\"elementor elementor-968\" data-elementor-post-type=\"page\">\n\t\t\t\t\t\t<section class=\"elementor-section elementor-top-section elementor-element elementor-element-e21b663 elementor-section-boxed elementor-section-height-default elementor-section-height-default\" data-id=\"e21b663\" data-element_type=\"section\" data-e-type=\"section\">\n\t\t\t\t\t\t<div class=\"elementor-container elementor-column-gap-default\">\n\t\t\t\t\t<div class=\"elementor-column elementor-col-100 elementor-top-column elementor-element elementor-element-b9471b0\" data-id=\"b9471b0\" data-element_type=\"column\" data-e-type=\"column\">\n\t\t\t<div class=\"elementor-widget-wrap elementor-element-populated\">\n\t\t\t\t\t\t<div class=\"elementor-element elementor-element-d877fb3 elementor-widget elementor-widget-text-editor\" data-id=\"d877fb3\" data-element_type=\"widget\" data-e-type=\"widget\" data-widget_type=\"text-editor.default\">\n\t\t\t\t<div class=\"elementor-widget-container\">\n\t\t\t\t\t\t\t\t\t<div class=\"et_pb_module et_pb_text et_pb_text_0 et_pb_text_align_left et_pb_bg_layout_light\"><div class=\"et_pb_text_inner\"><h1>POL\u00cdTICA DE COOKIES<\/h1><\/div><\/div><div class=\"et_pb_module et_pb_text et_pb_text_1 et_pb_text_align_left et_pb_bg_layout_light\"><div class=\"et_pb_text_inner\"><p>En cumplimiento con lo dispuesto en el art\u00edculo 22.2 de la Ley 34\/2002, de 11 de julio, de Servicios de la Sociedad de la Informaci\u00f3n y de Comercio Electr\u00f3nico, el Titular le informa que este sitio Web utiliza cookies, as\u00ed como sobre su pol\u00edtica de recogida y el tratamiento que hace de las mismas.<\/p><h4>\u00a0<\/h4><p><strong>Qu\u00e9 son las cookies<\/strong><\/p><p>Una cookie es un fichero que se descarga en su ordenador al entrar a determinadas p\u00e1ginas web. Las cookies permiten a una p\u00e1gina web, entre otras cosas, almacenar y recuperar informaci\u00f3n sobre sus h\u00e1bitos de navegaci\u00f3n y -dependiendo de la informaci\u00f3n que contengan y de la forma en que utilice su equipo- pueden utilizarse para identificarle.<\/p><\/div><\/div>\t\t\t\t\t\t\t\t<\/div>\n\t\t\t\t<\/div>\n\t\t\t\t\t<\/div>\n\t\t<\/div>\n\t\t\t\t\t<\/div>\n\t\t<\/section>\n\t\t\t\t<section class=\"elementor-section elementor-top-section elementor-element elementor-element-71afb84 elementor-section-boxed elementor-section-height-default elementor-section-height-default\" data-id=\"71afb84\" data-element_type=\"section\" data-e-type=\"section\">\n\t\t\t\t\t\t<div class=\"elementor-container elementor-column-gap-default\">\n\t\t\t\t\t<div class=\"elementor-column elementor-col-100 elementor-top-column elementor-element elementor-element-be911f7\" data-id=\"be911f7\" data-element_type=\"column\" data-e-type=\"column\">\n\t\t\t<div class=\"elementor-widget-wrap elementor-element-populated\">\n\t\t\t\t\t\t<div class=\"elementor-element elementor-element-3152ef3 elementor-widget elementor-widget-text-editor\" data-id=\"3152ef3\" data-element_type=\"widget\" data-e-type=\"widget\" data-widget_type=\"text-editor.default\">\n\t\t\t\t<div class=\"elementor-widget-container\">\n\t\t\t\t\t\t\t\t\t<p><b>\u00bfQU\u00c9 TIPOS DE COOKIES UTILIZA ESTA P\u00c1GINA WEB?<\/b><\/p>\n<p><b>Cookies utilizadas en este sitio web.<\/b><\/p>\n<p><span style=\"font-weight: 400;\">Siguiendo las directrices de la Agencia Espa\u00f1ola de Protecci\u00f3n de Datos, procedemos a detallar el uso de las cookies que esta p\u00e1gina web emplea,&nbsp; con el fin de proporcionarle&nbsp; la m\u00e1xima informaci\u00f3n posible.&nbsp;&nbsp;<\/span><\/p>\n<p><b>Cookies Propias:<\/b><\/p>\n<p><span style=\"font-weight: 400;\">Son aquellas que se env\u00edan al equipo terminal del usuario desde un equipo o dominio gestionado por el propio editor y desde el que se presta el servicio solicitado por el usuario.<\/span><\/p>\n<p><span style=\"font-weight: 400;\">A continuaci\u00f3n la lista de las que utilizamos:<\/span><\/p>\t\t\t\t\t\t\t\t<\/div>\n\t\t\t\t<\/div>\n\t\t\t\t\t<\/div>\n\t\t<\/div>\n\t\t\t\t\t<\/div>\n\t\t<\/section>\n\t\t\t\t<section class=\"elementor-section elementor-top-section elementor-element elementor-element-522fdb6 elementor-section-boxed elementor-section-height-default elementor-section-height-default\" data-id=\"522fdb6\" data-element_type=\"section\" data-e-type=\"section\">\n\t\t\t\t\t\t<div class=\"elementor-container elementor-column-gap-default\">\n\t\t\t\t\t<div class=\"elementor-column elementor-col-100 elementor-top-column elementor-element elementor-element-24835f6\" data-id=\"24835f6\" data-element_type=\"column\" data-e-type=\"column\">\n\t\t\t<div class=\"elementor-widget-wrap elementor-element-populated\">\n\t\t\t\t\t\t<div class=\"elementor-element elementor-element-4cc3b15 elementor-widget elementor-widget-text-editor\" data-id=\"4cc3b15\" data-element_type=\"widget\" data-e-type=\"widget\" data-widget_type=\"text-editor.default\">\n\t\t\t\t<div class=\"elementor-widget-container\">\n\t\t\t\t\t\t\t\t\t<p><strong>Cookies t\u00e9cnicas o necesarias<\/strong><\/p>\t\t\t\t\t\t\t\t<\/div>\n\t\t\t\t<\/div>\n\t\t\t\t<div class=\"elementor-element elementor-element-3079e68 elementor-tabs-view-horizontal elementor-widget elementor-widget-tabs\" data-id=\"3079e68\" data-element_type=\"widget\" data-e-type=\"widget\" data-widget_type=\"tabs.default\">\n\t\t\t\t<div class=\"elementor-widget-container\">\n\t\t\t\t\t\t\t<div class=\"elementor-tabs\">\n\t\t\t<div class=\"elementor-tabs-wrapper\" role=\"tablist\" >\n\t\t\t\t\t\t\t\t\t<div id=\"elementor-tab-title-5081\" class=\"elementor-tab-title elementor-tab-desktop-title\" aria-selected=\"true\" data-tab=\"1\" role=\"tab\" tabindex=\"0\" aria-controls=\"elementor-tab-content-5081\" aria-expanded=\"false\">CookieConsent<\/div>\n\t\t\t\t\t\t\t\t\t<div id=\"elementor-tab-title-5082\" class=\"elementor-tab-title elementor-tab-desktop-title\" aria-selected=\"false\" data-tab=\"2\" role=\"tab\" tabindex=\"-1\" aria-controls=\"elementor-tab-content-5082\" aria-expanded=\"false\">session_id<\/div>\n\t\t\t\t\t\t\t<\/div>\n\t\t\t<div class=\"elementor-tabs-content-wrapper\" role=\"tablist\" aria-orientation=\"vertical\">\n\t\t\t\t\t\t\t\t\t<div class=\"elementor-tab-title elementor-tab-mobile-title\" aria-selected=\"true\" data-tab=\"1\" role=\"tab\" tabindex=\"0\" aria-controls=\"elementor-tab-content-5081\" aria-expanded=\"false\">CookieConsent<\/div>\n\t\t\t\t\t<div id=\"elementor-tab-content-5081\" class=\"elementor-tab-content elementor-clearfix\" data-tab=\"1\" role=\"tabpanel\" aria-labelledby=\"elementor-tab-title-5081\" tabindex=\"0\" hidden=\"false\"><p><strong data-start=\"865\" data-end=\"879\">Proveedor:<\/strong> Propia<br data-start=\"886\" data-end=\"889\" \/><strong data-start=\"891\" data-end=\"905\">Finalidad:<\/strong> Almacenar el estado de consentimiento de cookies del usuario.<br data-start=\"967\" data-end=\"970\" \/><strong data-start=\"972\" data-end=\"985\">Duraci\u00f3n:<\/strong> 1 a\u00f1o<\/p><\/div>\n\t\t\t\t\t\t\t\t\t<div class=\"elementor-tab-title elementor-tab-mobile-title\" aria-selected=\"false\" data-tab=\"2\" role=\"tab\" tabindex=\"-1\" aria-controls=\"elementor-tab-content-5082\" aria-expanded=\"false\">session_id<\/div>\n\t\t\t\t\t<div id=\"elementor-tab-content-5082\" class=\"elementor-tab-content elementor-clearfix\" data-tab=\"2\" role=\"tabpanel\" aria-labelledby=\"elementor-tab-title-5082\" tabindex=\"0\" hidden=\"hidden\"><p><strong data-start=\"703\" data-end=\"717\">Proveedor:<\/strong> Propia (Odoo)<br data-start=\"731\" data-end=\"734\" \/><strong data-start=\"736\" data-end=\"750\">Finalidad:<\/strong> Mantener la sesi\u00f3n del usuario durante la navegaci\u00f3n.<br data-start=\"804\" data-end=\"807\" \/><strong data-start=\"809\" data-end=\"822\">Duraci\u00f3n:<\/strong> Sesi\u00f3n<\/p><\/div>\n\t\t\t\t\t\t\t<\/div>\n\t\t<\/div>\n\t\t\t\t\t\t<\/div>\n\t\t\t\t<\/div>\n\t\t\t\t\t<\/div>\n\t\t<\/div>\n\t\t\t\t\t<\/div>\n\t\t<\/section>\n\t\t\t\t<section class=\"elementor-section elementor-top-section elementor-element elementor-element-5120fa0 elementor-section-boxed elementor-section-height-default elementor-section-height-default\" data-id=\"5120fa0\" data-element_type=\"section\" data-e-type=\"section\">\n\t\t\t\t\t\t<div class=\"elementor-container elementor-column-gap-default\">\n\t\t\t\t\t<div class=\"elementor-column elementor-col-100 elementor-top-column elementor-element elementor-element-c9016db\" data-id=\"c9016db\" data-element_type=\"column\" data-e-type=\"column\">\n\t\t\t<div class=\"elementor-widget-wrap elementor-element-populated\">\n\t\t\t\t\t\t<div class=\"elementor-element elementor-element-12f4de7 elementor-widget elementor-widget-text-editor\" data-id=\"12f4de7\" data-element_type=\"widget\" data-e-type=\"widget\" data-widget_type=\"text-editor.default\">\n\t\t\t\t<div class=\"elementor-widget-container\">\n\t\t\t\t\t\t\t\t\t<p><strong>Cookies de An\u00e1lisis o Rendimiento<\/strong><\/p>\t\t\t\t\t\t\t\t<\/div>\n\t\t\t\t<\/div>\n\t\t\t\t<div class=\"elementor-element elementor-element-3a31116 elementor-tabs-view-horizontal elementor-widget elementor-widget-tabs\" data-id=\"3a31116\" data-element_type=\"widget\" data-e-type=\"widget\" data-widget_type=\"tabs.default\">\n\t\t\t\t<div class=\"elementor-widget-container\">\n\t\t\t\t\t\t\t<div class=\"elementor-tabs\">\n\t\t\t<div class=\"elementor-tabs-wrapper\" role=\"tablist\" >\n\t\t\t\t\t\t\t\t\t<div id=\"elementor-tab-title-6101\" class=\"elementor-tab-title elementor-tab-desktop-title\" aria-selected=\"true\" data-tab=\"1\" role=\"tab\" tabindex=\"0\" aria-controls=\"elementor-tab-content-6101\" aria-expanded=\"false\">_ga<\/div>\n\t\t\t\t\t\t\t\t\t<div id=\"elementor-tab-title-6102\" class=\"elementor-tab-title elementor-tab-desktop-title\" aria-selected=\"false\" data-tab=\"2\" role=\"tab\" tabindex=\"-1\" aria-controls=\"elementor-tab-content-6102\" aria-expanded=\"false\">_gat<\/div>\n\t\t\t\t\t\t\t\t\t<div id=\"elementor-tab-title-6103\" class=\"elementor-tab-title elementor-tab-desktop-title\" aria-selected=\"false\" data-tab=\"3\" role=\"tab\" tabindex=\"-1\" aria-controls=\"elementor-tab-content-6103\" aria-expanded=\"false\">_gid<\/div>\n\t\t\t\t\t\t\t<\/div>\n\t\t\t<div class=\"elementor-tabs-content-wrapper\" role=\"tablist\" aria-orientation=\"vertical\">\n\t\t\t\t\t\t\t\t\t<div class=\"elementor-tab-title elementor-tab-mobile-title\" aria-selected=\"true\" data-tab=\"1\" role=\"tab\" tabindex=\"0\" aria-controls=\"elementor-tab-content-6101\" aria-expanded=\"false\">_ga<\/div>\n\t\t\t\t\t<div id=\"elementor-tab-content-6101\" class=\"elementor-tab-content elementor-clearfix\" data-tab=\"1\" role=\"tabpanel\" aria-labelledby=\"elementor-tab-title-6101\" tabindex=\"0\" hidden=\"false\"><p>Descripci\u00f3n: <span style=\"font-weight: 400;\">Registra un identificador \u00fanico para generar datos estad\u00edsticos acerca de c\u00f3mo el visitante utiliza el sitio web.<\/span><\/p><p>Tipo: HTTP<\/p><p>Fuente: <span style=\"font-weight: 400;\">Tercero (<\/span><a href=\"https:\/\/developers.google.com\/analytics?hl=es\" target=\"_blank\" rel=\"noopener\"><span style=\"font-weight: 400;\">M\u00e1s informaci\u00f3n<\/span><\/a><span style=\"font-weight: 400;\">)<\/span><\/p><p>Caducidad: 2 a\u00f1os<\/p><\/div>\n\t\t\t\t\t\t\t\t\t<div class=\"elementor-tab-title elementor-tab-mobile-title\" aria-selected=\"false\" data-tab=\"2\" role=\"tab\" tabindex=\"-1\" aria-controls=\"elementor-tab-content-6102\" aria-expanded=\"false\">_gat<\/div>\n\t\t\t\t\t<div id=\"elementor-tab-content-6102\" class=\"elementor-tab-content elementor-clearfix\" data-tab=\"2\" role=\"tabpanel\" aria-labelledby=\"elementor-tab-title-6102\" tabindex=\"0\" hidden=\"hidden\"><p>Descripci\u00f3n: <span style=\"font-weight: 400;\">Utilizado para controlar la tasa de peticiones.<\/span><\/p><p>Tipo: HTTP<\/p><p>Fuente: <span style=\"font-weight: 400;\">Tercero (<\/span><a href=\"https:\/\/developers.google.com\/analytics?hl=es\" target=\"_blank\" rel=\"noopener\"><span style=\"font-weight: 400;\">M\u00e1s informaci\u00f3n<\/span><\/a><span style=\"font-weight: 400;\">)<\/span><\/p><p>Caducidad: 1 d\u00eda<\/p><\/div>\n\t\t\t\t\t\t\t\t\t<div class=\"elementor-tab-title elementor-tab-mobile-title\" aria-selected=\"false\" data-tab=\"3\" role=\"tab\" tabindex=\"-1\" aria-controls=\"elementor-tab-content-6103\" aria-expanded=\"false\">_gid<\/div>\n\t\t\t\t\t<div id=\"elementor-tab-content-6103\" class=\"elementor-tab-content elementor-clearfix\" data-tab=\"3\" role=\"tabpanel\" aria-labelledby=\"elementor-tab-title-6103\" tabindex=\"0\" hidden=\"hidden\"><p>Descripci\u00f3n: <span style=\"font-weight: 400;\">Registra un identificador \u00fanico para generar datos estad\u00edsticos acerca de c\u00f3mo el visitante utiliza el sitio web.<\/span><\/p><p>Tipo: HTTP<\/p><p>Fuente: <span style=\"font-weight: 400;\">Tercero (<\/span><a href=\"https:\/\/developers.google.com\/analytics?hl=es\" target=\"_blank\" rel=\"noopener\"><span style=\"font-weight: 400;\">M\u00e1s informaci\u00f3n<\/span><\/a><span style=\"font-weight: 400;\">)<\/span><\/p><p>Caducidad: 1 d\u00eda<\/p><\/div>\n\t\t\t\t\t\t\t<\/div>\n\t\t<\/div>\n\t\t\t\t\t\t<\/div>\n\t\t\t\t<\/div>\n\t\t\t\t\t<\/div>\n\t\t<\/div>\n\t\t\t\t\t<\/div>\n\t\t<\/section>\n\t\t\t\t<section class=\"elementor-section elementor-top-section elementor-element elementor-element-3081fbf elementor-section-boxed elementor-section-height-default elementor-section-height-default\" data-id=\"3081fbf\" data-element_type=\"section\" data-e-type=\"section\">\n\t\t\t\t\t\t<div class=\"elementor-container elementor-column-gap-default\">\n\t\t\t\t\t<div class=\"elementor-column elementor-col-100 elementor-top-column elementor-element elementor-element-2a09ceb\" data-id=\"2a09ceb\" data-element_type=\"column\" data-e-type=\"column\">\n\t\t\t<div class=\"elementor-widget-wrap elementor-element-populated\">\n\t\t\t\t\t\t<div class=\"elementor-element elementor-element-e0a260b elementor-widget elementor-widget-text-editor\" data-id=\"e0a260b\" data-element_type=\"widget\" data-e-type=\"widget\" data-widget_type=\"text-editor.default\">\n\t\t\t\t<div class=\"elementor-widget-container\">\n\t\t\t\t\t\t\t\t\t<p><strong>Cookies de Publicidad y Marketing<\/strong><\/p>\t\t\t\t\t\t\t\t<\/div>\n\t\t\t\t<\/div>\n\t\t\t\t<div class=\"elementor-element elementor-element-91259fd elementor-tabs-view-horizontal elementor-widget elementor-widget-tabs\" data-id=\"91259fd\" data-element_type=\"widget\" data-e-type=\"widget\" data-widget_type=\"tabs.default\">\n\t\t\t\t<div class=\"elementor-widget-container\">\n\t\t\t\t\t\t\t<div class=\"elementor-tabs\">\n\t\t\t<div class=\"elementor-tabs-wrapper\" role=\"tablist\" >\n\t\t\t\t\t\t\t\t\t<div id=\"elementor-tab-title-1521\" class=\"elementor-tab-title elementor-tab-desktop-title\" aria-selected=\"true\" data-tab=\"1\" role=\"tab\" tabindex=\"0\" aria-controls=\"elementor-tab-content-1521\" aria-expanded=\"false\">IDE<\/div>\n\t\t\t\t\t\t\t\t\t<div id=\"elementor-tab-title-1522\" class=\"elementor-tab-title elementor-tab-desktop-title\" aria-selected=\"false\" data-tab=\"2\" role=\"tab\" tabindex=\"-1\" aria-controls=\"elementor-tab-content-1522\" aria-expanded=\"false\">_gcl_au<\/div>\n\t\t\t\t\t\t\t\t\t<div id=\"elementor-tab-title-1523\" class=\"elementor-tab-title elementor-tab-desktop-title\" aria-selected=\"false\" data-tab=\"3\" role=\"tab\" tabindex=\"-1\" aria-controls=\"elementor-tab-content-1523\" aria-expanded=\"false\">bcookie<\/div>\n\t\t\t\t\t\t\t\t\t<div id=\"elementor-tab-title-1524\" class=\"elementor-tab-title elementor-tab-desktop-title\" aria-selected=\"false\" data-tab=\"4\" role=\"tab\" tabindex=\"-1\" aria-controls=\"elementor-tab-content-1524\" aria-expanded=\"false\">VISITOR_INFO1_LIVE<\/div>\n\t\t\t\t\t\t\t<\/div>\n\t\t\t<div class=\"elementor-tabs-content-wrapper\" role=\"tablist\" aria-orientation=\"vertical\">\n\t\t\t\t\t\t\t\t\t<div class=\"elementor-tab-title elementor-tab-mobile-title\" aria-selected=\"true\" data-tab=\"1\" role=\"tab\" tabindex=\"0\" aria-controls=\"elementor-tab-content-1521\" aria-expanded=\"false\">IDE<\/div>\n\t\t\t\t\t<div id=\"elementor-tab-content-1521\" class=\"elementor-tab-content elementor-clearfix\" data-tab=\"1\" role=\"tabpanel\" aria-labelledby=\"elementor-tab-title-1521\" tabindex=\"0\" hidden=\"false\"><p><strong data-start=\"1664\" data-end=\"1678\">Proveedor:<\/strong> Google DoubleClick<br data-start=\"1697\" data-end=\"1700\" \/><strong data-start=\"1702\" data-end=\"1716\">Finalidad:<\/strong> Mostrar anuncios relevantes y medir la eficacia de las campa\u00f1as publicitarias.<br data-start=\"1795\" data-end=\"1798\" \/><strong data-start=\"1800\" data-end=\"1813\">Duraci\u00f3n:<\/strong> 1 a\u00f1o<\/p><\/div>\n\t\t\t\t\t\t\t\t\t<div class=\"elementor-tab-title elementor-tab-mobile-title\" aria-selected=\"false\" data-tab=\"2\" role=\"tab\" tabindex=\"-1\" aria-controls=\"elementor-tab-content-1522\" aria-expanded=\"false\">_gcl_au<\/div>\n\t\t\t\t\t<div id=\"elementor-tab-content-1522\" class=\"elementor-tab-content elementor-clearfix\" data-tab=\"2\" role=\"tabpanel\" aria-labelledby=\"elementor-tab-title-1522\" tabindex=\"0\" hidden=\"hidden\"><p><strong data-start=\"1849\" data-end=\"1863\">Proveedor:<\/strong> Google AdSense<br data-start=\"1878\" data-end=\"1881\" \/><strong data-start=\"1883\" data-end=\"1897\">Finalidad:<\/strong> Experimentar con la eficiencia publicitaria en sitios web que utilizan sus servicios.<br data-start=\"1983\" data-end=\"1986\" \/><strong data-start=\"1988\" data-end=\"2001\">Duraci\u00f3n:<\/strong> 3 meses<\/p><\/div>\n\t\t\t\t\t\t\t\t\t<div class=\"elementor-tab-title elementor-tab-mobile-title\" aria-selected=\"false\" data-tab=\"3\" role=\"tab\" tabindex=\"-1\" aria-controls=\"elementor-tab-content-1523\" aria-expanded=\"false\">bcookie<\/div>\n\t\t\t\t\t<div id=\"elementor-tab-content-1523\" class=\"elementor-tab-content elementor-clearfix\" data-tab=\"3\" role=\"tabpanel\" aria-labelledby=\"elementor-tab-title-1523\" tabindex=\"0\" hidden=\"hidden\"><p><strong data-start=\"2039\" data-end=\"2053\">Proveedor:<\/strong> LinkedIn<br data-start=\"2062\" data-end=\"2065\" \/><strong data-start=\"2067\" data-end=\"2081\">Finalidad:<\/strong> Identificar dispositivos para mostrar anuncios relevantes.<br data-start=\"2140\" data-end=\"2143\" \/><strong data-start=\"2145\" data-end=\"2158\">Duraci\u00f3n:<\/strong> 2 a\u00f1os<\/p><\/div>\n\t\t\t\t\t\t\t\t\t<div class=\"elementor-tab-title elementor-tab-mobile-title\" aria-selected=\"false\" data-tab=\"4\" role=\"tab\" tabindex=\"-1\" aria-controls=\"elementor-tab-content-1524\" aria-expanded=\"false\">VISITOR_INFO1_LIVE<\/div>\n\t\t\t\t\t<div id=\"elementor-tab-content-1524\" class=\"elementor-tab-content elementor-clearfix\" data-tab=\"4\" role=\"tabpanel\" aria-labelledby=\"elementor-tab-title-1524\" tabindex=\"0\" hidden=\"hidden\"><p><strong data-start=\"2206\" data-end=\"2220\">Proveedor:<\/strong> YouTube<br data-start=\"2228\" data-end=\"2231\" \/><strong data-start=\"2233\" data-end=\"2247\">Finalidad:<\/strong> Estimar el ancho de banda de los usuarios en p\u00e1ginas con videos integrados.<br data-start=\"2323\" data-end=\"2326\" \/><strong data-start=\"2328\" data-end=\"2341\">Duraci\u00f3n:<\/strong> 179 d\u00edas<\/p><\/div>\n\t\t\t\t\t\t\t<\/div>\n\t\t<\/div>\n\t\t\t\t\t\t<\/div>\n\t\t\t\t<\/div>\n\t\t\t\t\t<\/div>\n\t\t<\/div>\n\t\t\t\t\t<\/div>\n\t\t<\/section>\n\t\t\t\t<section class=\"elementor-section elementor-top-section elementor-element elementor-element-40a1014 elementor-section-boxed elementor-section-height-default elementor-section-height-default\" data-id=\"40a1014\" data-element_type=\"section\" data-e-type=\"section\">\n\t\t\t\t\t\t<div class=\"elementor-container elementor-column-gap-default\">\n\t\t\t\t\t<div class=\"elementor-column elementor-col-100 elementor-top-column elementor-element elementor-element-e01cced\" data-id=\"e01cced\" data-element_type=\"column\" data-e-type=\"column\">\n\t\t\t<div class=\"elementor-widget-wrap elementor-element-populated\">\n\t\t\t\t\t\t<div class=\"elementor-element elementor-element-f476c84 elementor-widget elementor-widget-text-editor\" data-id=\"f476c84\" data-element_type=\"widget\" data-e-type=\"widget\" data-widget_type=\"text-editor.default\">\n\t\t\t\t<div class=\"elementor-widget-container\">\n\t\t\t\t\t\t\t\t\t<p><strong>Cookies de Redes Sociales<\/strong><\/p><p><span class=\"relative -mx-px my-[-0.2rem] rounded px-px py-[0.2rem] transition-colors duration-100 ease-in-out\">Estas cookies permiten la interacci\u00f3n con redes sociales y pueden rastrear la actividad del usuario en diferentes sitios web.<\/span><\/p><p><strong data-start=\"2469\" data-end=\"2485\">Proveedores:<\/strong> TikTok, Instagram, LinkedIn, YouTube<br data-start=\"2522\" data-end=\"2525\" \/><strong data-start=\"2527\" data-end=\"2541\">Finalidad:<\/strong> Integrar funcionalidades de redes sociales y mostrar contenido personalizado.<br data-start=\"2619\" data-end=\"2622\" \/><strong data-start=\"2624\" data-end=\"2637\">Duraci\u00f3n:<\/strong> Variable seg\u00fan el proveedor<\/p>\t\t\t\t\t\t\t\t<\/div>\n\t\t\t\t<\/div>\n\t\t\t\t<div class=\"elementor-element elementor-element-ac47ede elementor-widget elementor-widget-text-editor\" data-id=\"ac47ede\" data-element_type=\"widget\" data-e-type=\"widget\" data-widget_type=\"text-editor.default\">\n\t\t\t\t<div class=\"elementor-widget-container\">\n\t\t\t\t\t\t\t\t\t<p data-start=\"2667\" data-end=\"2701\"><strong>Cookies de Email Marketing<\/strong><\/p><p class=\"\" data-start=\"2703\" data-end=\"2781\"><span class=\"relative -mx-px my-[-0.2rem] rounded px-px py-[0.2rem] transition-colors duration-100 ease-in-out\">Utilizamos servicios de email marketing como Easymailing, que pueden emplear cookies para rastrear la interacci\u00f3n con nuestros correos electr\u00f3nicos y mejorar nuestras campa\u00f1as.<\/span><\/p><p class=\"\" data-start=\"2785\" data-end=\"2957\"><strong data-start=\"2785\" data-end=\"2796\">Nombre:<\/strong> Variable<br data-start=\"2805\" data-end=\"2808\" \/><strong data-start=\"2810\" data-end=\"2824\">Proveedor:<\/strong> Easymailing<br data-start=\"2836\" data-end=\"2839\" \/><strong data-start=\"2841\" data-end=\"2855\">Finalidad:<\/strong> Analizar la interacci\u00f3n del usuario con los correos electr\u00f3nicos enviados.<br data-start=\"2930\" data-end=\"2933\" \/><strong data-start=\"2935\" data-end=\"2948\">Duraci\u00f3n:<\/strong> Variable<\/p>\t\t\t\t\t\t\t\t<\/div>\n\t\t\t\t<\/div>\n\t\t\t\t<div class=\"elementor-element elementor-element-444af62 elementor-widget elementor-widget-text-editor\" data-id=\"444af62\" data-element_type=\"widget\" data-e-type=\"widget\" data-widget_type=\"text-editor.default\">\n\t\t\t\t<div class=\"elementor-widget-container\">\n\t\t\t\t\t\t\t\t\t<p data-start=\"2959\" data-end=\"2998\"><strong>\u00bfC\u00f3mo puedes gestionar las cookies?<\/strong><\/p><p class=\"\" data-start=\"3000\" data-end=\"3118\"><span class=\"relative -mx-px my-[-0.2rem] rounded px-px py-[0.2rem] transition-colors duration-100 ease-in-out\">Puedes configurar tu navegador para aceptar o rechazar todas las cookies o para recibir un aviso en pantalla de la recepci\u00f3n de cada cookie y decidir en ese momento su implantaci\u00f3n o no en tu disco duro.<\/span> <span class=\"relative -mx-px my-[-0.2rem] rounded px-px py-[0.2rem] transition-colors duration-100 ease-in-out\">Para ello, te sugerimos consultar la secci\u00f3n de ayuda de tu navegador para saber c\u00f3mo cambiar la configuraci\u00f3n que actualmente emplea.<\/span><\/p><p>En los siguientes enlaces encontrar\u00e1 instrucciones para habilitar o deshabilitar las cookies en los navegadores m\u00e1s comunes.<\/p><p>Firefox \u2013 https:\/\/www.mozilla.org\/es-ES\/privacy\/websites\/<br \/>Safari \u2013 https:\/\/support.apple.com\/kb\/HT1677?viewlocale=es_ES<br \/>Google Chrome \u2013 https:\/\/support.google.com\/chrome\/answer\/95647?hl=es<\/p><p class=\"\" data-start=\"3120\" data-end=\"3198\"><span class=\"relative -mx-px my-[-0.2rem] rounded px-px py-[0.2rem] transition-colors duration-100 ease-in-out\">Adem\u00e1s, puedes gestionar tus preferencias de cookies directamente desde nuestro sitio web a trav\u00e9s del banner de consentimiento que se muestra al acceder por primera vez.<\/span><\/p><p data-start=\"3200\" data-end=\"3235\"><strong>\u00bfTransferimos datos a terceros?<\/strong><\/p><p class=\"\" data-start=\"3237\" data-end=\"3355\"><span class=\"relative -mx-px my-[-0.2rem] rounded px-px py-[0.2rem] transition-colors duration-100 ease-in-out\">Algunas de las cookies utilizadas en nuestro sitio web son gestionadas por terceros, lo que puede implicar la transferencia de datos fuera del Espacio Econ\u00f3mico Europeo.<\/span> <span class=\"relative -mx-px my-[-0.2rem] rounded px-px py-[0.2rem] transition-colors duration-100 ease-in-out\">Nos aseguramos de que dichos terceros cumplan con las normativas de protecci\u00f3n de datos aplicables.<\/span><\/p><p><strong>Advertencia sobre eliminar cookies<\/strong><\/p><p>Puede eliminar y bloquear las cookies de este sitio Web, pero parte del sitio no funcionar\u00e1 correctamente o su calidad puede verse afectada.<\/p><p><strong>Contacto<\/strong><\/p><p>En caso de que tenga cualquier duda acerca de esta Pol\u00edtica de Cookies o quiera realizar cualquier comentario sobre este sitio Web, puede enviar un mensaje de correo electr\u00f3nico a la direcci\u00f3n info@ihress.com<\/p>\t\t\t\t\t\t\t\t<\/div>\n\t\t\t\t<\/div>\n\t\t\t\t\t<\/div>\n\t\t<\/div>\n\t\t\t\t\t<\/div>\n\t\t<\/section>\n\t\t\t\t<\/div>\n\t\t","protected":false},"excerpt":{"rendered":"<p>POL\u00cdTICA DE COOKIES En cumplimiento con lo dispuesto en el art\u00edculo 22.2 de la Ley 34\/2002, de 11 de julio, de Servicios de la Sociedad de la Informaci\u00f3n y de Comercio Electr\u00f3nico, el Titular le informa que este sitio Web utiliza cookies, as\u00ed como sobre su pol\u00edtica de recogida y el tratamiento que hace de [&hellip;]<\/p>\n","protected":false},"author":1,"featured_media":0,"parent":0,"menu_order":0,"comment_status":"closed","ping_status":"closed","template":"","meta":{"_joinchat":[],"footnotes":""},"class_list":["post-968","page","type-page","status-publish","hentry"],"_links":{"self":[{"href":"https:\/\/www.ihress.com\/en\/wp-json\/wp\/v2\/pages\/968","targetHints":{"allow":["GET"]}}],"collection":[{"href":"https:\/\/www.ihress.com\/en\/wp-json\/wp\/v2\/pages"}],"about":[{"href":"https:\/\/www.ihress.com\/en\/wp-json\/wp\/v2\/types\/page"}],"author":[{"embeddable":true,"href":"https:\/\/www.ihress.com\/en\/wp-json\/wp\/v2\/users\/1"}],"replies":[{"embeddable":true,"href":"https:\/\/www.ihress.com\/en\/wp-json\/wp\/v2\/comments?post=968"}],"version-history":[{"count":1,"href":"https:\/\/www.ihress.com\/en\/wp-json\/wp\/v2\/pages\/968\/revisions"}],"predecessor-version":[{"id":7418,"href":"https:\/\/www.ihress.com\/en\/wp-json\/wp\/v2\/pages\/968\/revisions\/7418"}],"wp:attachment":[{"href":"https:\/\/www.ihress.com\/en\/wp-json\/wp\/v2\/media?parent=968"}],"curies":[{"name":"wp","href":"https:\/\/api.w.org\/{rel}","templated":true}]}}